{"id":133,"date":"2018-06-18T19:56:38","date_gmt":"2018-06-18T16:56:38","guid":{"rendered":"http:\/\/ibnihisam.com\/?page_id=133"},"modified":"2023-02-17T10:03:09","modified_gmt":"2023-02-17T10:03:09","slug":"fikh-i-ekber-tercumesi","status":"publish","type":"page","link":"http:\/\/www.ibnihisam.com\/?page_id=133","title":{"rendered":"2) el-F\u0131kh\u00fc\u2019l Ekber Terc\u00fcmesi"},"content":{"rendered":"\n<figure class=\"wp-block-gallery columns-2 is-cropped wp-block-gallery-1 is-layout-flex wp-block-gallery-is-layout-flex\"><ul class=\"blocks-gallery-grid\"><li class=\"blocks-gallery-item\"><figure><img loading=\"lazy\" decoding=\"async\" width=\"453\" height=\"680\" src=\"http:\/\/www.ibnihisam.com\/wp-content\/uploads\/2020\/12\/2-1.png\" alt=\"\" data-id=\"567\" data-full-url=\"http:\/\/www.ibnihisam.com\/wp-content\/uploads\/2020\/12\/2-1.png\" data-link=\"http:\/\/www.ibnihisam.com\/2-2\/\" class=\"wp-image-567\" srcset=\"http:\/\/www.ibnihisam.com\/wp-content\/uploads\/2020\/12\/2-1.png 453w, http:\/\/www.ibnihisam.com\/wp-content\/uploads\/2020\/12\/2-1-200x300.png 200w, http:\/\/www.ibnihisam.com\/wp-content\/uploads\/2020\/12\/2-1-100x150.png 100w\" sizes=\"auto, (max-width: 453px) 100vw, 453px\" \/><\/figure><\/li><li class=\"blocks-gallery-item\"><figure><img loading=\"lazy\" decoding=\"async\" width=\"453\" height=\"680\" src=\"http:\/\/www.ibnihisam.com\/wp-content\/uploads\/2020\/12\/2_-1.png\" alt=\"\" data-id=\"568\" data-full-url=\"http:\/\/www.ibnihisam.com\/wp-content\/uploads\/2020\/12\/2_-1.png\" data-link=\"http:\/\/www.ibnihisam.com\/2_-2\/\" class=\"wp-image-568\" srcset=\"http:\/\/www.ibnihisam.com\/wp-content\/uploads\/2020\/12\/2_-1.png 453w, http:\/\/www.ibnihisam.com\/wp-content\/uploads\/2020\/12\/2_-1-200x300.png 200w, http:\/\/www.ibnihisam.com\/wp-content\/uploads\/2020\/12\/2_-1-100x150.png 100w\" sizes=\"auto, (max-width: 453px) 100vw, 453px\" \/><\/figure><\/li><\/ul><\/figure>\n\n\n\n<p><strong>&#8220;T\u00fcrkler \u0130\u00e7in Akaid Terc\u00fcmeleri&#8221;<\/strong>&nbsp;\u00fcst ba\u015fl\u0131\u011f\u0131 alt\u0131nda ikinci terc\u00fcmeyi yay\u0131nl\u0131yorum. \u0130ki sene \u00f6nce yay\u0131nlad\u0131\u011f\u0131m terc\u00fcmenin tashihten ge\u00e7mi\u015f hali. \u0130n\u015fallah hay\u0131rlara vesile olur.<\/p>\n\n\n\n<p><strong>K\u0130TABIN K\u00dcNYES\u0130:<\/strong><\/p>\n\n\n\n<p><strong>Ad\u0131:<\/strong> el-F\u0131kh\u00fc&#8217;l Ekber Terc\u00fcmesi<\/p>\n\n\n\n<p><strong>M\u00fcellifi: <\/strong>\u0130mam-\u0131 Azam Ebu Hanife<\/p>\n\n\n\n<p><strong>\u00c7eviren: <\/strong>Muhammed Fatih \u00d6zdemir<\/p>\n\n\n\n<p><strong>ISBN:<\/strong> 978-605-82634-4-4<\/p>\n\n\n<a  data-e-Disable-Page-Transition=\"true\" class=\"download-link\" title=\"\" href=\"http:\/\/www.ibnihisam.com?download=901&amp;tmstv=1776279028\" rel=\"nofollow\" id=\"download-link-901\" data-redirect=\"false\" >\n\tBURADAN \u0130ND\u0130R &#8211; el-FIKH\u00dc\u2019L EKBER TERC\u00dcMES\u0130\t(311 indirme\t)\n<\/a>\n","protected":false},"excerpt":{"rendered":"<p>&#8220;T\u00fcrkler \u0130\u00e7in Akaid Terc\u00fcmeleri&#8221;&nbsp;\u00fcst ba\u015fl\u0131\u011f\u0131 alt\u0131nda ikinci terc\u00fcmeyi yay\u0131nl\u0131yorum. \u0130ki sene \u00f6nce yay\u0131nlad\u0131\u011f\u0131m terc\u00fcmenin tashihten ge\u00e7mi\u015f hali. \u0130n\u015fallah hay\u0131rlara vesile olur. K\u0130TABIN K\u00dcNYES\u0130: Ad\u0131: el-F\u0131kh\u00fc&#8217;l Ekber Terc\u00fcmesi M\u00fcellifi: \u0130mam-\u0131 Azam Ebu Hanife \u00c7eviren: Muhammed Fatih \u00d6zdemir ISBN: 978-605-82634-4-4<\/p>\n","protected":false},"author":1,"featured_media":0,"parent":212,"menu_order":1,"comment_status":"closed","ping_status":"closed","template":"","meta":{"footnotes":""},"class_list":["post-133","page","type-page","status-publish","hentry"],"_links":{"self":[{"href":"http:\/\/www.ibnihisam.com\/index.php?rest_route=\/wp\/v2\/pages\/133","targetHints":{"allow":["GET"]}}],"collection":[{"href":"http:\/\/www.ibnihisam.com\/index.php?rest_route=\/wp\/v2\/pages"}],"about":[{"href":"http:\/\/www.ibnihisam.com\/index.php?rest_route=\/wp\/v2\/types\/page"}],"author":[{"embeddable":true,"href":"http:\/\/www.ibnihisam.com\/index.php?rest_route=\/wp\/v2\/users\/1"}],"replies":[{"embeddable":true,"href":"http:\/\/www.ibnihisam.com\/index.php?rest_route=%2Fwp%2Fv2%2Fcomments&post=133"}],"version-history":[{"count":7,"href":"http:\/\/www.ibnihisam.com\/index.php?rest_route=\/wp\/v2\/pages\/133\/revisions"}],"predecessor-version":[{"id":919,"href":"http:\/\/www.ibnihisam.com\/index.php?rest_route=\/wp\/v2\/pages\/133\/revisions\/919"}],"up":[{"embeddable":true,"href":"http:\/\/www.ibnihisam.com\/index.php?rest_route=\/wp\/v2\/pages\/212"}],"wp:attachment":[{"href":"http:\/\/www.ibnihisam.com\/index.php?rest_route=%2Fwp%2Fv2%2Fmedia&parent=133"}],"curies":[{"name":"wp","href":"https:\/\/api.w.org\/{rel}","templated":true}]}}