{"id":210,"date":"2020-01-13T20:08:26","date_gmt":"2020-01-13T17:08:26","guid":{"rendered":"http:\/\/www.ibnihisam.com\/?page_id=210"},"modified":"2023-02-17T10:02:30","modified_gmt":"2023-02-17T10:02:30","slug":"vasiyyetul-imam-ebu-hanife-tercumesi","status":"publish","type":"page","link":"http:\/\/www.ibnihisam.com\/?page_id=210","title":{"rendered":"1) Vasiyyet\u00fc\u2019l \u0130m\u00e2m Eb\u00ee Han\u00eefe Terc\u00fcmesi"},"content":{"rendered":"\n<figure class=\"wp-block-gallery columns-2 is-cropped wp-block-gallery-1 is-layout-flex wp-block-gallery-is-layout-flex\"><ul class=\"blocks-gallery-grid\"><li class=\"blocks-gallery-item\"><figure><img loading=\"lazy\" decoding=\"async\" width=\"453\" height=\"680\" src=\"http:\/\/www.ibnihisam.com\/wp-content\/uploads\/2020\/12\/1_-1.png\" alt=\"\" data-id=\"566\" data-full-url=\"http:\/\/www.ibnihisam.com\/wp-content\/uploads\/2020\/12\/1_-1.png\" data-link=\"http:\/\/www.ibnihisam.com\/1_-2\/\" class=\"wp-image-566\" srcset=\"http:\/\/www.ibnihisam.com\/wp-content\/uploads\/2020\/12\/1_-1.png 453w, http:\/\/www.ibnihisam.com\/wp-content\/uploads\/2020\/12\/1_-1-200x300.png 200w, http:\/\/www.ibnihisam.com\/wp-content\/uploads\/2020\/12\/1_-1-100x150.png 100w\" sizes=\"auto, (max-width: 453px) 100vw, 453px\" \/><\/figure><\/li><li class=\"blocks-gallery-item\"><figure><img loading=\"lazy\" decoding=\"async\" width=\"453\" height=\"680\" src=\"http:\/\/www.ibnihisam.com\/wp-content\/uploads\/2020\/12\/1-1.png\" alt=\"\" data-id=\"565\" data-full-url=\"http:\/\/www.ibnihisam.com\/wp-content\/uploads\/2020\/12\/1-1.png\" data-link=\"http:\/\/www.ibnihisam.com\/1-2\/\" class=\"wp-image-565\" srcset=\"http:\/\/www.ibnihisam.com\/wp-content\/uploads\/2020\/12\/1-1.png 453w, http:\/\/www.ibnihisam.com\/wp-content\/uploads\/2020\/12\/1-1-200x300.png 200w, http:\/\/www.ibnihisam.com\/wp-content\/uploads\/2020\/12\/1-1-100x150.png 100w\" sizes=\"auto, (max-width: 453px) 100vw, 453px\" \/><\/figure><\/li><\/ul><\/figure>\n\n\n\n<p>&#8220;T\u00fcrkler \u0130\u00e7in Akaid Terc\u00fcmeleri&#8221;&nbsp;\u00fcst ba\u015fl\u0131\u011f\u0131 alt\u0131nda ilk terc\u00fcmeyi yay\u0131nl\u0131yorum. \u0130n\u015fallah hay\u0131rlara vesile olur.<\/p>\n\n\n\n<p><strong>K\u0130TABIN K\u00dcNYES\u0130:<\/strong><\/p>\n\n\n\n<p><strong>Ad\u0131:<\/strong> Vasiyyet&#8217;\u00fcl \u0130m\u00e2m Eb\u00ee Han\u00eefe Terc\u00fcmesi<\/p>\n\n\n\n<p><strong>M\u00fcellifi: <\/strong>\u0130mam-\u0131 Azam Ebu Hanife<\/p>\n\n\n\n<p><strong>\u00c7eviren: <\/strong>Muhammed Fatih \u00d6zdemir<\/p>\n\n\n\n<p><strong>ISBN:<\/strong> 978-605-82634-2-0<\/p>\n\n\n<a  data-e-Disable-Page-Transition=\"true\" class=\"download-link\" title=\"\" href=\"http:\/\/www.ibnihisam.com?download=904&amp;tmstv=1776278330\" rel=\"nofollow\" id=\"download-link-904\" data-redirect=\"false\" >\n\tBURADAN \u0130ND\u0130R &#8211; VAS\u0130YYET\u00dc\u2019L \u0130M\u00c2M EB\u00ce HAN\u00ceFE TERC\u00dcMES\u0130\t(478 indirme\t)\n<\/a>\n","protected":false},"excerpt":{"rendered":"<p>&#8220;T\u00fcrkler \u0130\u00e7in Akaid Terc\u00fcmeleri&#8221;&nbsp;\u00fcst ba\u015fl\u0131\u011f\u0131 alt\u0131nda ilk terc\u00fcmeyi yay\u0131nl\u0131yorum. \u0130n\u015fallah hay\u0131rlara vesile olur. K\u0130TABIN K\u00dcNYES\u0130: Ad\u0131: Vasiyyet&#8217;\u00fcl \u0130m\u00e2m Eb\u00ee Han\u00eefe Terc\u00fcmesi M\u00fcellifi: \u0130mam-\u0131 Azam Ebu Hanife \u00c7eviren: Muhammed Fatih \u00d6zdemir ISBN: 978-605-82634-2-0<\/p>\n","protected":false},"author":1,"featured_media":0,"parent":212,"menu_order":0,"comment_status":"closed","ping_status":"closed","template":"","meta":{"footnotes":""},"class_list":["post-210","page","type-page","status-publish","hentry"],"_links":{"self":[{"href":"http:\/\/www.ibnihisam.com\/index.php?rest_route=\/wp\/v2\/pages\/210","targetHints":{"allow":["GET"]}}],"collection":[{"href":"http:\/\/www.ibnihisam.com\/index.php?rest_route=\/wp\/v2\/pages"}],"about":[{"href":"http:\/\/www.ibnihisam.com\/index.php?rest_route=\/wp\/v2\/types\/page"}],"author":[{"embeddable":true,"href":"http:\/\/www.ibnihisam.com\/index.php?rest_route=\/wp\/v2\/users\/1"}],"replies":[{"embeddable":true,"href":"http:\/\/www.ibnihisam.com\/index.php?rest_route=%2Fwp%2Fv2%2Fcomments&post=210"}],"version-history":[{"count":9,"href":"http:\/\/www.ibnihisam.com\/index.php?rest_route=\/wp\/v2\/pages\/210\/revisions"}],"predecessor-version":[{"id":918,"href":"http:\/\/www.ibnihisam.com\/index.php?rest_route=\/wp\/v2\/pages\/210\/revisions\/918"}],"up":[{"embeddable":true,"href":"http:\/\/www.ibnihisam.com\/index.php?rest_route=\/wp\/v2\/pages\/212"}],"wp:attachment":[{"href":"http:\/\/www.ibnihisam.com\/index.php?rest_route=%2Fwp%2Fv2%2Fmedia&parent=210"}],"curies":[{"name":"wp","href":"https:\/\/api.w.org\/{rel}","templated":true}]}}