{"id":212,"date":"2020-01-05T09:01:43","date_gmt":"2020-01-05T06:01:43","guid":{"rendered":"http:\/\/www.ibnihisam.com\/?page_id=212"},"modified":"2020-01-05T09:01:43","modified_gmt":"2020-01-05T06:01:43","slug":"turkler-icin-akaid-tercumeleri-serisi","status":"publish","type":"page","link":"http:\/\/www.ibnihisam.com\/?page_id=212","title":{"rendered":"T\u00fcrkler \u0130\u00e7in Akaid Terc\u00fcmeleri"},"content":{"rendered":"\n<p>\u0130n\u015fallah iki hafta i\u00e7erisinde d\u00f6rt kitaptan olu\u015fan &#8220;T\u00fcrkler \u0130\u00e7in Akaid Terc\u00fcmeleri Serisi&#8221;ni yay\u0131nlayaca\u011f\u0131m. Akaid\u00fc&#8217;n Nesefi terc\u00fcmesi bir ay sonra. Bereketli olsun in\u015fallah&#8230;<\/p>\n\n\n\n<figure class=\"wp-block-image\"><img decoding=\"async\" src=\"http:\/\/www.ibnihisam.com\/wp-content\/uploads\/2020\/01\/1_vasiyye.png\" alt=\"\" class=\"wp-image-229\"\/><\/figure>\n\n\n\n<figure class=\"wp-block-image\"><img decoding=\"async\" src=\"http:\/\/www.ibnihisam.com\/wp-content\/uploads\/2020\/01\/2_Ekber.png\" alt=\"\" class=\"wp-image-231\"\/><\/figure>\n\n\n\n<figure class=\"wp-block-image\"><img decoding=\"async\" src=\"http:\/\/www.ibnihisam.com\/wp-content\/uploads\/2020\/01\/3_sevad.png\" alt=\"\" class=\"wp-image-230\"\/><\/figure>\n\n\n\n<figure class=\"wp-block-image\"><img decoding=\"async\" src=\"http:\/\/www.ibnihisam.com\/wp-content\/uploads\/2020\/01\/4_Nesefi-2.png\" alt=\"\" class=\"wp-image-239\"\/><\/figure>\n","protected":false},"excerpt":{"rendered":"<p>\u0130n\u015fallah iki hafta i\u00e7erisinde d\u00f6rt kitaptan olu\u015fan &#8220;T\u00fcrkler \u0130\u00e7in Akaid Terc\u00fcmeleri Serisi&#8221;ni yay\u0131nlayaca\u011f\u0131m. Akaid\u00fc&#8217;n Nesefi terc\u00fcmesi bir ay sonra. Bereketli olsun in\u015fallah&#8230;<\/p>\n","protected":false},"author":1,"featured_media":0,"parent":0,"menu_order":1,"comment_status":"closed","ping_status":"closed","template":"","meta":{"footnotes":""},"class_list":["post-212","page","type-page","status-publish","hentry"],"_links":{"self":[{"href":"http:\/\/www.ibnihisam.com\/index.php?rest_route=\/wp\/v2\/pages\/212","targetHints":{"allow":["GET"]}}],"collection":[{"href":"http:\/\/www.ibnihisam.com\/index.php?rest_route=\/wp\/v2\/pages"}],"about":[{"href":"http:\/\/www.ibnihisam.com\/index.php?rest_route=\/wp\/v2\/types\/page"}],"author":[{"embeddable":true,"href":"http:\/\/www.ibnihisam.com\/index.php?rest_route=\/wp\/v2\/users\/1"}],"replies":[{"embeddable":true,"href":"http:\/\/www.ibnihisam.com\/index.php?rest_route=%2Fwp%2Fv2%2Fcomments&post=212"}],"version-history":[{"count":0,"href":"http:\/\/www.ibnihisam.com\/index.php?rest_route=\/wp\/v2\/pages\/212\/revisions"}],"wp:attachment":[{"href":"http:\/\/www.ibnihisam.com\/index.php?rest_route=%2Fwp%2Fv2%2Fmedia&parent=212"}],"curies":[{"name":"wp","href":"https:\/\/api.w.org\/{rel}","templated":true}]}}