{"id":328,"date":"2020-02-06T02:47:40","date_gmt":"2020-02-05T23:47:40","guid":{"rendered":"http:\/\/www.ibnihisam.com\/?page_id=328"},"modified":"2023-02-17T10:04:00","modified_gmt":"2023-02-17T10:04:00","slug":"3-es-sevadul-azam-tercumesi","status":"publish","type":"page","link":"http:\/\/www.ibnihisam.com\/?page_id=328","title":{"rendered":"3) es-Sev\u00e2d\u00fc&#8217;l Az\u00e2m Terc\u00fcmesi"},"content":{"rendered":"\n<figure class=\"wp-block-gallery columns-2 is-cropped wp-block-gallery-1 is-layout-flex wp-block-gallery-is-layout-flex\"><ul class=\"blocks-gallery-grid\"><li class=\"blocks-gallery-item\"><figure><img loading=\"lazy\" decoding=\"async\" width=\"453\" height=\"680\" src=\"http:\/\/www.ibnihisam.com\/wp-content\/uploads\/2020\/12\/3_.png\" alt=\"\" data-id=\"570\" data-full-url=\"http:\/\/www.ibnihisam.com\/wp-content\/uploads\/2020\/12\/3_.png\" data-link=\"http:\/\/www.ibnihisam.com\/3_-2\/\" class=\"wp-image-570\" srcset=\"http:\/\/www.ibnihisam.com\/wp-content\/uploads\/2020\/12\/3_.png 453w, http:\/\/www.ibnihisam.com\/wp-content\/uploads\/2020\/12\/3_-200x300.png 200w, http:\/\/www.ibnihisam.com\/wp-content\/uploads\/2020\/12\/3_-100x150.png 100w\" sizes=\"auto, (max-width: 453px) 100vw, 453px\" \/><\/figure><\/li><li class=\"blocks-gallery-item\"><figure><img loading=\"lazy\" decoding=\"async\" width=\"453\" height=\"680\" src=\"http:\/\/www.ibnihisam.com\/wp-content\/uploads\/2020\/12\/3-1.png\" alt=\"\" data-id=\"569\" data-full-url=\"http:\/\/www.ibnihisam.com\/wp-content\/uploads\/2020\/12\/3-1.png\" data-link=\"http:\/\/www.ibnihisam.com\/3-2\/\" class=\"wp-image-569\" srcset=\"http:\/\/www.ibnihisam.com\/wp-content\/uploads\/2020\/12\/3-1.png 453w, http:\/\/www.ibnihisam.com\/wp-content\/uploads\/2020\/12\/3-1-200x300.png 200w, http:\/\/www.ibnihisam.com\/wp-content\/uploads\/2020\/12\/3-1-100x150.png 100w\" sizes=\"auto, (max-width: 453px) 100vw, 453px\" \/><\/figure><\/li><\/ul><\/figure>\n\n\n\n<p><strong>K\u0130TABIN K\u00dcNYES\u0130:<\/strong><\/p>\n\n\n\n<p><strong>Ad\u0131:<\/strong>&nbsp;es-Sevad\u00fc\u2019l Azam Terc\u00fcmesi<\/p>\n\n\n\n<p><strong>M\u00fcellifi:&nbsp;<\/strong>\u0130mam-\u0131 Azam Ebu Hanife<\/p>\n\n\n\n<p><strong>\u00c7eviren:&nbsp;<\/strong>Ayni Efendi<\/p>\n\n\n\n<p><strong>Yay\u0131na Haz\u0131rlayan:&nbsp;<\/strong>Muhammed Fatih \u00d6zdemir<\/p>\n\n\n\n<p><strong>ISBN:<\/strong>&nbsp;978-605-82634-3-7<\/p>\n\n\n<a  data-e-Disable-Page-Transition=\"true\" class=\"download-link\" title=\"\" href=\"http:\/\/www.ibnihisam.com?download=896&amp;tmstv=1776279030\" rel=\"nofollow\" id=\"download-link-896\" data-redirect=\"false\" >\n\tBURADAN \u0130ND\u0130R &#8211; ES-SEV\u00c2D\u00dc\u2019L AZ\u00c2M TERC\u00dcMES\u0130\t(284 indirme\t)\n<\/a>\n","protected":false},"excerpt":{"rendered":"<p>K\u0130TABIN K\u00dcNYES\u0130: Ad\u0131:&nbsp;es-Sevad\u00fc\u2019l Azam Terc\u00fcmesi M\u00fcellifi:&nbsp;\u0130mam-\u0131 Azam Ebu Hanife \u00c7eviren:&nbsp;Ayni Efendi Yay\u0131na Haz\u0131rlayan:&nbsp;Muhammed Fatih \u00d6zdemir ISBN:&nbsp;978-605-82634-3-7<\/p>\n","protected":false},"author":1,"featured_media":0,"parent":212,"menu_order":2,"comment_status":"closed","ping_status":"closed","template":"","meta":{"footnotes":""},"class_list":["post-328","page","type-page","status-publish","hentry"],"_links":{"self":[{"href":"http:\/\/www.ibnihisam.com\/index.php?rest_route=\/wp\/v2\/pages\/328","targetHints":{"allow":["GET"]}}],"collection":[{"href":"http:\/\/www.ibnihisam.com\/index.php?rest_route=\/wp\/v2\/pages"}],"about":[{"href":"http:\/\/www.ibnihisam.com\/index.php?rest_route=\/wp\/v2\/types\/page"}],"author":[{"embeddable":true,"href":"http:\/\/www.ibnihisam.com\/index.php?rest_route=\/wp\/v2\/users\/1"}],"replies":[{"embeddable":true,"href":"http:\/\/www.ibnihisam.com\/index.php?rest_route=%2Fwp%2Fv2%2Fcomments&post=328"}],"version-history":[{"count":6,"href":"http:\/\/www.ibnihisam.com\/index.php?rest_route=\/wp\/v2\/pages\/328\/revisions"}],"predecessor-version":[{"id":920,"href":"http:\/\/www.ibnihisam.com\/index.php?rest_route=\/wp\/v2\/pages\/328\/revisions\/920"}],"up":[{"embeddable":true,"href":"http:\/\/www.ibnihisam.com\/index.php?rest_route=\/wp\/v2\/pages\/212"}],"wp:attachment":[{"href":"http:\/\/www.ibnihisam.com\/index.php?rest_route=%2Fwp%2Fv2%2Fmedia&parent=328"}],"curies":[{"name":"wp","href":"https:\/\/api.w.org\/{rel}","templated":true}]}}