{"id":584,"date":"2020-12-09T15:01:53","date_gmt":"2020-12-09T15:01:53","guid":{"rendered":"http:\/\/www.ibnihisam.com\/?page_id=584"},"modified":"2023-02-17T10:04:51","modified_gmt":"2023-02-17T10:04:51","slug":"4-akaidun-nesefi-tercumesi","status":"publish","type":"page","link":"http:\/\/www.ibnihisam.com\/?page_id=584","title":{"rendered":"4) Ak\u00e2id\u00fc&#8217;n Nesef\u00ee Terc\u00fcmesi"},"content":{"rendered":"\n<figure class=\"wp-block-gallery columns-2 is-cropped wp-block-gallery-1 is-layout-flex wp-block-gallery-is-layout-flex\"><ul class=\"blocks-gallery-grid\"><li class=\"blocks-gallery-item\"><figure><img loading=\"lazy\" decoding=\"async\" width=\"453\" height=\"680\" src=\"http:\/\/www.ibnihisam.com\/wp-content\/uploads\/2020\/12\/4-2.png\" alt=\"\" data-id=\"571\" data-full-url=\"http:\/\/www.ibnihisam.com\/wp-content\/uploads\/2020\/12\/4-2.png\" data-link=\"http:\/\/www.ibnihisam.com\/4-3\/\" class=\"wp-image-571\" srcset=\"http:\/\/www.ibnihisam.com\/wp-content\/uploads\/2020\/12\/4-2.png 453w, http:\/\/www.ibnihisam.com\/wp-content\/uploads\/2020\/12\/4-2-200x300.png 200w, http:\/\/www.ibnihisam.com\/wp-content\/uploads\/2020\/12\/4-2-100x150.png 100w\" sizes=\"auto, (max-width: 453px) 100vw, 453px\" \/><\/figure><\/li><li class=\"blocks-gallery-item\"><figure><img loading=\"lazy\" decoding=\"async\" width=\"453\" height=\"680\" src=\"http:\/\/www.ibnihisam.com\/wp-content\/uploads\/2020\/12\/4_-2.png\" alt=\"\" data-id=\"572\" data-full-url=\"http:\/\/www.ibnihisam.com\/wp-content\/uploads\/2020\/12\/4_-2.png\" data-link=\"http:\/\/www.ibnihisam.com\/4_-3\/\" class=\"wp-image-572\" srcset=\"http:\/\/www.ibnihisam.com\/wp-content\/uploads\/2020\/12\/4_-2.png 453w, http:\/\/www.ibnihisam.com\/wp-content\/uploads\/2020\/12\/4_-2-200x300.png 200w, http:\/\/www.ibnihisam.com\/wp-content\/uploads\/2020\/12\/4_-2-100x150.png 100w\" sizes=\"auto, (max-width: 453px) 100vw, 453px\" \/><\/figure><\/li><\/ul><\/figure>\n\n\n\n<p><strong>Ad\u0131:<\/strong>&nbsp;Akayid\u00fc\u2019n Nesefi Terc\u00fcmesi<\/p>\n\n\n\n<p><strong>M\u00fcellifi:&nbsp;<\/strong>\u00d6mer en-Nesefi<\/p>\n\n\n\n<p><strong>Terc\u00fcme:&nbsp;<\/strong>Giritli S\u0131rr\u0131 Pa\u015fa<\/p>\n\n\n\n<p><strong>Ne\u015fre Haz\u0131rlayan:<\/strong>&nbsp;Muhammed Fatih \u00d6zdemir<\/p>\n\n\n\n<p><strong>ISBN:<\/strong>\u00a0978-605-82634-5-1<\/p>\n\n\n<a  data-e-Disable-Page-Transition=\"true\" class=\"download-link\" title=\"\" href=\"http:\/\/www.ibnihisam.com?download=887&amp;tmstv=1776279019\" rel=\"nofollow\" id=\"download-link-887\" data-redirect=\"false\" >\n\tBURADAN \u0130ND\u0130R &#8211; AKAY\u0130D\u00dc\u2019N NESEF\u0130 TERC\u00dcMES\u0130\t(219 indirme\t)\n<\/a>\n","protected":false},"excerpt":{"rendered":"<p>Ad\u0131:&nbsp;Akayid\u00fc\u2019n Nesefi Terc\u00fcmesi M\u00fcellifi:&nbsp;\u00d6mer en-Nesefi Terc\u00fcme:&nbsp;Giritli S\u0131rr\u0131 Pa\u015fa Ne\u015fre Haz\u0131rlayan:&nbsp;Muhammed Fatih \u00d6zdemir ISBN:\u00a0978-605-82634-5-1<\/p>\n","protected":false},"author":1,"featured_media":0,"parent":212,"menu_order":4,"comment_status":"closed","ping_status":"closed","template":"","meta":{"footnotes":""},"class_list":["post-584","page","type-page","status-publish","hentry"],"_links":{"self":[{"href":"http:\/\/www.ibnihisam.com\/index.php?rest_route=\/wp\/v2\/pages\/584","targetHints":{"allow":["GET"]}}],"collection":[{"href":"http:\/\/www.ibnihisam.com\/index.php?rest_route=\/wp\/v2\/pages"}],"about":[{"href":"http:\/\/www.ibnihisam.com\/index.php?rest_route=\/wp\/v2\/types\/page"}],"author":[{"embeddable":true,"href":"http:\/\/www.ibnihisam.com\/index.php?rest_route=\/wp\/v2\/users\/1"}],"replies":[{"embeddable":true,"href":"http:\/\/www.ibnihisam.com\/index.php?rest_route=%2Fwp%2Fv2%2Fcomments&post=584"}],"version-history":[{"count":9,"href":"http:\/\/www.ibnihisam.com\/index.php?rest_route=\/wp\/v2\/pages\/584\/revisions"}],"predecessor-version":[{"id":921,"href":"http:\/\/www.ibnihisam.com\/index.php?rest_route=\/wp\/v2\/pages\/584\/revisions\/921"}],"up":[{"embeddable":true,"href":"http:\/\/www.ibnihisam.com\/index.php?rest_route=\/wp\/v2\/pages\/212"}],"wp:attachment":[{"href":"http:\/\/www.ibnihisam.com\/index.php?rest_route=%2Fwp%2Fv2%2Fmedia&parent=584"}],"curies":[{"name":"wp","href":"https:\/\/api.w.org\/{rel}","templated":true}]}}